{"id":4677,"date":"2025-03-21T07:48:26","date_gmt":"2025-03-21T06:48:26","guid":{"rendered":"https:\/\/deutschkurs-online.de\/cancellation-policy\/"},"modified":"2025-06-27T13:11:42","modified_gmt":"2025-06-27T12:11:42","slug":"cancellation-policy","status":"publish","type":"page","link":"https:\/\/deutschkurs-online.de\/en\/cancellation-policy\/","title":{"rendered":"Cancellation policy"},"content":{"rendered":"\t\t<div data-elementor-type=\"wp-page\" data-elementor-id=\"4677\" class=\"elementor elementor-4677 elementor-33\" data-elementor-post-type=\"page\">\n\t\t\t\t<div class=\"elementor-element elementor-element-68891b1 e-flex e-con-boxed e-con e-parent\" data-id=\"68891b1\" data-element_type=\"container\" data-e-type=\"container\" data-settings=\"{&quot;jet_parallax_layout_list&quot;:[]}\">\n\t\t\t\t\t<div class=\"e-con-inner\">\n\t\t\t\t<div class=\"elementor-element elementor-element-5d8ab5a elementor-widget elementor-widget-heading\" data-id=\"5d8ab5a\" data-element_type=\"widget\" data-e-type=\"widget\" data-widget_type=\"heading.default\">\n\t\t\t\t<div class=\"elementor-widget-container\">\n\t\t\t\t\t<h2 class=\"elementor-heading-title elementor-size-default\">Cancellation policy<\/h2>\t\t\t\t<\/div>\n\t\t\t\t<\/div>\n\t\t\t\t<div class=\"elementor-element elementor-element-5a2d1d0 elementor-widget elementor-widget-text-editor\" data-id=\"5a2d1d0\" data-element_type=\"widget\" data-e-type=\"widget\" data-widget_type=\"text-editor.default\">\n\t\t\t\t<div class=\"elementor-widget-container\">\n\t\t\t\t\t\t\t\t\t<section id=\"\" class=\"elementor-section elementor-top-section elementor-element elementor-element-11d86aa elementor-section-boxed elementor-section-height-default elementor-section-height-default jet-parallax-section\" data-id=\"11d86aa\" data-element_type=\"section\" data-settings=\"{\">\n<div class=\"elementor-container elementor-column-gap-default\">\n<div class=\"elementor-column elementor-col-100 elementor-top-column elementor-element elementor-element-4e2a652\" data-id=\"4e2a652\" data-element_type=\"column\">\n<div class=\"elementor-widget-wrap elementor-element-populated\">\n<div class=\"elementor-element elementor-element-1b09a13 elementor-widget elementor-widget-text-editor is-mac\" data-id=\"1b09a13\" data-element_type=\"widget\" data-widget_type=\"text-editor.default\">\n<div class=\"elementor-widget-container\">\n<div class=\"page\" title=\"Page 4\">\n<div class=\"section\">\n<div class=\"layoutArea\">\n<div class=\"column\">\n<p>Right of withdrawal<\/p>\n<p>You have the right to withdraw from this contract within fourteen days without giving any reason. The revocation period is fourteen days from the conclusion of the contract. To exercise your right of withdrawal, you must  <\/p>\n<p>Lernst\u00fctzpunkt S\u00fcd GmbH K\u00f6nigstra\u00dfe 10c 70173 Stuttgart | support@deutschkurs-online.de<\/p>\n<p>of your decision to withdraw from this contract by an unequivocal statement (e.g. a letter sent by post or e-mail). You can complete and submit the sample withdrawal form (see below). If you make use of this option, we will immediately send you a confirmation of receipt of such a revocation (e.g. by e-mail). To comply with the revocation period, it is sufficient for you to send the notification of the exercise of the right of revocation before the expiry of the revocation period. The revocation must be sent to the above address of Lernst\u00fctzpunkt S\u00fcd GmbH.    <\/p>\n<p>Consequences of revocation<\/p>\n<p>If you withdraw from the contract, we shall reimburse to you all payments received from you, including the costs of delivery (with the exception of the supplementary costs resulting from your choice of a type of delivery other than the least expensive type of standard delivery offered by us), without undue delay and in any event not later than 14 days from the day on which we are informed about your decision to withdraw from this contract. For this repayment, we will use the same means of payment that you used for the original transaction, unless expressly agreed otherwise with you; under no circumstances will you be charged any fees for this repayment. <\/p>\n<p>If you have requested that the service should commence during the withdrawal period, you must pay us a reasonable amount corresponding to the proportion of the services already provided up to the time you informed us of the exercise of the right of withdrawal with regard to this contract compared to the total scope of the services provided for in the contract.<\/p>\n<p>You must return the services received and any benefits derived from them. If you are unable to return or surrender to us the performance received and benefits (e.g. benefits of use) or only partially or only in a deteriorated condition, you may have to compensate us for the value. This may mean that you must nevertheless fulfill the contractual payment obligations for the period up to the revocation.  <\/p>\n<p>Special notes<\/p>\n<p>Your right of withdrawal expires prematurely with your consent if the contract has been completely fulfilled by both parties at your express request before you have exercised your right of withdrawal.<\/p>\n<p>End of the withdrawal policy<\/p>\n<\/div>\n<\/div>\n<\/div>\n<\/div>\n<\/div>\n<\/div>\n<\/div>\n<\/div>\n<\/div>\n<\/section>\n<section id=\"\" class=\"elementor-section elementor-top-section elementor-element elementor-element-e319858 elementor-section-boxed elementor-section-height-default elementor-section-height-default jet-parallax-section\" data-id=\"e319858\" data-element_type=\"section\" data-settings=\"{\">\n<div class=\"jet-parallax-section__layout elementor-repeater-item-561a477 jet-parallax-section__scroll-layout is-mac\">\n<div class=\"jet-parallax-section__image\"><\/div>\n<\/div>\n<div class=\"elementor-container elementor-column-gap-default\">\n<div class=\"elementor-column elementor-col-100 elementor-top-column elementor-element elementor-element-42c9a3e\" data-id=\"42c9a3e\" data-element_type=\"column\">\n<div class=\"elementor-widget-wrap elementor-element-populated\">\n<div class=\"elementor-element elementor-element-0b5d0a3 elementor-widget elementor-widget-text-editor is-mac\" data-id=\"0b5d0a3\" data-element_type=\"widget\" data-widget_type=\"text-editor.default\">\n<div class=\"elementor-widget-container\">\n<p><strong>Revocation form<\/strong><\/p>\n<p>(If you wish to cancel the distance learning contract, please complete and return this form).<\/p>\n<ul>\n<li>To Lernst\u00fctzpunkt S\u00fcd GmbH K\u00f6nigstra\u00dfe 10c 70173 Stuttgart | support@deutschkurs-online.de<\/li>\n<li>I\/we (*) hereby revoke the distance learning contract concluded by me\/us (*)<\/li>\n<li>Ordered on (*)\/ received on (*)<\/li>\n<li>Name of the consumer(s)<\/li>\n<li>Address of the consumer(s)<\/li>\n<li>Signature of the consumer(s) (only for notification on paper)<\/li>\n<li>Date<br>(*) please delete as appropriate.<\/li>\n<\/ul>\n<\/div>\n<\/div>\n<\/div>\n<\/div>\n<\/div>\n<\/section>\n<section id=\"\" class=\"elementor-section elementor-top-section elementor-element elementor-element-d98a0e7 elementor-section-boxed elementor-section-height-default elementor-section-height-default jet-parallax-section\" data-id=\"d98a0e7\" data-element_type=\"section\" data-settings=\"{\">\n<div class=\"jet-parallax-section__layout elementor-repeater-item-561a477 jet-parallax-section__scroll-layout is-mac\">\n<div class=\"jet-parallax-section__image\"><\/div>\n<\/div>\n<div class=\"elementor-container elementor-column-gap-default\">\n<div class=\"elementor-column elementor-col-100 elementor-top-column elementor-element elementor-element-8cbddac\" data-id=\"8cbddac\" data-element_type=\"column\">\n<div class=\"elementor-widget-wrap elementor-element-populated\">\n<div class=\"elementor-element elementor-element-18f9a49 elementor-widget elementor-widget-text-editor is-mac\" data-id=\"18f9a49\" data-element_type=\"widget\" data-widget_type=\"text-editor.default\">\n<div class=\"elementor-widget-container\">\n<div class=\"page\" title=\"Page 4\">\n<div class=\"layoutArea\">\n<div class=\"column\">\n<p><strong>Cancellation policy for installment payment transactions<\/strong><\/p>\n<p>Right of withdrawal<\/p>\n<p>The installment buyer may revoke his contractual declaration within 14 days without giving reasons.<br>The period begins after conclusion of the installment contract, but only after the installment buyer or a third party appointed by the<\/p>\n<p>The third party named by the installment buyer, who is not the carrier, has taken possession of the goods and has not before<br>provided all mandatory information in accordance with Section 492 (2) BGB (e.g. information on the type of loan, information on the <\/p>\n<p>net loan amount, information on the term of the contract).<br>The installment buyer has received all mandatory information if it is included in the copy of the contract document intended for the installment buyer or in a document intended for the installment buyer. <\/p>\n<p>The partial payment buyer must be provided with a copy of his application or the contract document and the partial payment<br>buyer must have been provided with such a document. Mandatory information not included in the text of the contract <\/p>\n<p>The installment buyer can be informed subsequently on a durable medium; the withdrawal period<br>is then one month. The installment buyer must be informed again of the start of the withdrawal period with the subsequent <\/p>\n<p>of the revocation period. Timely dispatch of the revocation is sufficient to comply with the revocation period if<br>the declaration is made on a durable medium (e.g. letter, fax, e-mail). The revocation is to be sent to:  <\/p>\n<p>Learning base south<\/p>\n<p><span style=\"letter-spacing: 0px;\">K\u00f6nigstra\u00dfe 10c 70173 Stuttgart<\/span><\/p>\n<p>Email: support@deutschkurs-online.de<\/p>\n<p>Consequences of revocation<\/p>\n<p>If the instalment buyer cancels this instalment contract, the instalment seller must pay all payments that it has received<br>from the instalment buyer, including delivery costs (with the exception of any additional costs incurred by the instalment buyer).<\/p>\n<p><br>the partial payment buyer has chosen a type of delivery other than the most favorable standard delivery offered), without delay and at the latest within fourteen days from the day on which the funds were received.<\/p>\n<p>The installment seller shall use the same means of payment that the installment buyer used for the original transfer. For this repayment<br>, the installment seller uses the same means of payment that the installment buyer used for the original transfer. <\/p>\n<p>Unless expressly agreed otherwise with the instalment buyer, the instalment buyer will not be charged any fees for this repayment in any<br>case. The seller of the installment <\/p>\n<p>The installment buyer may refuse repayment until he has received the goods back or until the installment buyer has provided proof<br>that he has returned the goods, whichever is the earlier. The instalment purchaser must return the goods immediately and in any event no later than fourteen days from the day<br>on which he informed the instalment seller of the revocation of this contract to the <\/p>\n<\/div>\n<\/div>\n<\/div>\n<div class=\"page\" title=\"Page 5\">\n<div class=\"layoutArea\">\n<div class=\"column\">\n<p>The installment seller must return or hand over the goods to<br>. The deadline is met if the installment buyer sends the goods before the<br>deadline of fourteen days has expired. The installment buyer bears the direct costs of returning the goods.<br>The<br>instalment purchaser shall only be liable for any diminished value of the goods resulting from handling other than what is necessary to ascertain the nature, characteristics and functioning of the goods<br>.   <\/p>\n<\/div>\n<\/div>\n<\/div>\n<\/div>\n<\/div>\n<\/div>\n<\/div>\n<\/div>\n<\/section>\t\t\t\t\t\t\t\t<\/div>\n\t\t\t\t<\/div>\n\t\t\t\t\t<\/div>\n\t\t\t\t<\/div>\n\t\t\t\t<\/div>\n\t\t","protected":false},"excerpt":{"rendered":"<p>Cancellation policy Right of withdrawal You have the right to withdraw from this contract within fourteen days without giving any reason. The revocation period is fourteen days from the conclusion of the contract. To exercise your right of withdrawal, you must Lernst\u00fctzpunkt S\u00fcd GmbH K\u00f6nigstra\u00dfe 10c 70173 Stuttgart | support@deutschkurs-online.de of your decision to withdraw [&hellip;]<\/p>\n","protected":false},"author":1,"featured_media":0,"parent":0,"menu_order":0,"comment_status":"closed","ping_status":"closed","template":"","meta":{"footnotes":""},"class_list":["post-4677","page","type-page","status-publish","hentry"],"yoast_head":"<!-- This site is optimized with the Yoast SEO plugin v27.6 - https:\/\/yoast.com\/product\/yoast-seo-wordpress\/ -->\n<title>Cancellation policy - Deutschkurs-Online<\/title>\n<meta name=\"robots\" content=\"index, follow, max-snippet:-1, max-image-preview:large, max-video-preview:-1\" \/>\n<link rel=\"canonical\" href=\"https:\/\/deutschkurs-online.de\/en\/cancellation-policy\/\" \/>\n<meta property=\"og:locale\" content=\"en_US\" \/>\n<meta property=\"og:type\" content=\"article\" \/>\n<meta property=\"og:title\" content=\"Cancellation policy - Deutschkurs-Online\" \/>\n<meta property=\"og:description\" content=\"Cancellation policy Right of withdrawal You have the right to withdraw from this contract within fourteen days without giving any reason. The revocation period is fourteen days from the conclusion of the contract. To exercise your right of withdrawal, you must Lernst\u00fctzpunkt S\u00fcd GmbH K\u00f6nigstra\u00dfe 10c 70173 Stuttgart | support@deutschkurs-online.de of your decision to withdraw [&hellip;]\" \/>\n<meta property=\"og:url\" content=\"https:\/\/deutschkurs-online.de\/en\/cancellation-policy\/\" \/>\n<meta property=\"og:site_name\" content=\"Deutschkurs-Online\" \/>\n<meta property=\"article:modified_time\" content=\"2025-06-27T12:11:42+00:00\" \/>\n<meta name=\"twitter:card\" content=\"summary_large_image\" \/>\n<meta name=\"twitter:label1\" content=\"Est. reading time\" \/>\n\t<meta name=\"twitter:data1\" content=\"5 minutes\" \/>\n<script type=\"application\/ld+json\" class=\"yoast-schema-graph\">{\"@context\":\"https:\\\/\\\/schema.org\",\"@graph\":[{\"@type\":\"WebPage\",\"@id\":\"https:\\\/\\\/deutschkurs-online.de\\\/en\\\/cancellation-policy\\\/\",\"url\":\"https:\\\/\\\/deutschkurs-online.de\\\/en\\\/cancellation-policy\\\/\",\"name\":\"Cancellation policy - Deutschkurs-Online\",\"isPartOf\":{\"@id\":\"https:\\\/\\\/deutschkurs-online.de\\\/en\\\/#website\"},\"datePublished\":\"2025-03-21T06:48:26+00:00\",\"dateModified\":\"2025-06-27T12:11:42+00:00\",\"breadcrumb\":{\"@id\":\"https:\\\/\\\/deutschkurs-online.de\\\/en\\\/cancellation-policy\\\/#breadcrumb\"},\"inLanguage\":\"en-US\",\"potentialAction\":[{\"@type\":\"ReadAction\",\"target\":[\"https:\\\/\\\/deutschkurs-online.de\\\/en\\\/cancellation-policy\\\/\"]}]},{\"@type\":\"BreadcrumbList\",\"@id\":\"https:\\\/\\\/deutschkurs-online.de\\\/en\\\/cancellation-policy\\\/#breadcrumb\",\"itemListElement\":[{\"@type\":\"ListItem\",\"position\":1,\"name\":\"Startseite\",\"item\":\"https:\\\/\\\/deutschkurs-online.de\\\/en\\\/german-course-online\\\/\"},{\"@type\":\"ListItem\",\"position\":2,\"name\":\"Cancellation policy\"}]},{\"@type\":\"WebSite\",\"@id\":\"https:\\\/\\\/deutschkurs-online.de\\\/en\\\/#website\",\"url\":\"https:\\\/\\\/deutschkurs-online.de\\\/en\\\/\",\"name\":\"Deutschkurs-Online\",\"description\":\"Einfach deutsch online lernen\",\"publisher\":{\"@id\":\"https:\\\/\\\/deutschkurs-online.de\\\/en\\\/#organization\"},\"alternateName\":\"Jetzt einfach deutsch lernen\",\"potentialAction\":[{\"@type\":\"SearchAction\",\"target\":{\"@type\":\"EntryPoint\",\"urlTemplate\":\"https:\\\/\\\/deutschkurs-online.de\\\/en\\\/?s={search_term_string}\"},\"query-input\":{\"@type\":\"PropertyValueSpecification\",\"valueRequired\":true,\"valueName\":\"search_term_string\"}}],\"inLanguage\":\"en-US\"},{\"@type\":\"Organization\",\"@id\":\"https:\\\/\\\/deutschkurs-online.de\\\/en\\\/#organization\",\"name\":\"Lernst\u00fctzpunkt S\u00fcd GmbH\",\"alternateName\":\"Deutschkurs-Online\",\"url\":\"https:\\\/\\\/deutschkurs-online.de\\\/en\\\/\",\"logo\":{\"@type\":\"ImageObject\",\"inLanguage\":\"en-US\",\"@id\":\"https:\\\/\\\/deutschkurs-online.de\\\/en\\\/#\\\/schema\\\/logo\\\/image\\\/\",\"url\":\"https:\\\/\\\/deutschkurs-online.de\\\/wp-content\\\/uploads\\\/2025\\\/03\\\/Logo-Ls-Sued-test.webp\",\"contentUrl\":\"https:\\\/\\\/deutschkurs-online.de\\\/wp-content\\\/uploads\\\/2025\\\/03\\\/Logo-Ls-Sued-test.webp\",\"width\":1782,\"height\":1130,\"caption\":\"Lernst\u00fctzpunkt S\u00fcd GmbH\"},\"image\":{\"@id\":\"https:\\\/\\\/deutschkurs-online.de\\\/en\\\/#\\\/schema\\\/logo\\\/image\\\/\"}}]}<\/script>\n<!-- \/ Yoast SEO plugin. -->","yoast_head_json":{"title":"Cancellation policy - Deutschkurs-Online","robots":{"index":"index","follow":"follow","max-snippet":"max-snippet:-1","max-image-preview":"max-image-preview:large","max-video-preview":"max-video-preview:-1"},"canonical":"https:\/\/deutschkurs-online.de\/en\/cancellation-policy\/","og_locale":"en_US","og_type":"article","og_title":"Cancellation policy - Deutschkurs-Online","og_description":"Cancellation policy Right of withdrawal You have the right to withdraw from this contract within fourteen days without giving any reason. The revocation period is fourteen days from the conclusion of the contract. To exercise your right of withdrawal, you must Lernst\u00fctzpunkt S\u00fcd GmbH K\u00f6nigstra\u00dfe 10c 70173 Stuttgart | support@deutschkurs-online.de of your decision to withdraw [&hellip;]","og_url":"https:\/\/deutschkurs-online.de\/en\/cancellation-policy\/","og_site_name":"Deutschkurs-Online","article_modified_time":"2025-06-27T12:11:42+00:00","twitter_card":"summary_large_image","twitter_misc":{"Est. reading time":"5 minutes"},"schema":{"@context":"https:\/\/schema.org","@graph":[{"@type":"WebPage","@id":"https:\/\/deutschkurs-online.de\/en\/cancellation-policy\/","url":"https:\/\/deutschkurs-online.de\/en\/cancellation-policy\/","name":"Cancellation policy - Deutschkurs-Online","isPartOf":{"@id":"https:\/\/deutschkurs-online.de\/en\/#website"},"datePublished":"2025-03-21T06:48:26+00:00","dateModified":"2025-06-27T12:11:42+00:00","breadcrumb":{"@id":"https:\/\/deutschkurs-online.de\/en\/cancellation-policy\/#breadcrumb"},"inLanguage":"en-US","potentialAction":[{"@type":"ReadAction","target":["https:\/\/deutschkurs-online.de\/en\/cancellation-policy\/"]}]},{"@type":"BreadcrumbList","@id":"https:\/\/deutschkurs-online.de\/en\/cancellation-policy\/#breadcrumb","itemListElement":[{"@type":"ListItem","position":1,"name":"Startseite","item":"https:\/\/deutschkurs-online.de\/en\/german-course-online\/"},{"@type":"ListItem","position":2,"name":"Cancellation policy"}]},{"@type":"WebSite","@id":"https:\/\/deutschkurs-online.de\/en\/#website","url":"https:\/\/deutschkurs-online.de\/en\/","name":"Deutschkurs-Online","description":"Einfach deutsch online lernen","publisher":{"@id":"https:\/\/deutschkurs-online.de\/en\/#organization"},"alternateName":"Jetzt einfach deutsch lernen","potentialAction":[{"@type":"SearchAction","target":{"@type":"EntryPoint","urlTemplate":"https:\/\/deutschkurs-online.de\/en\/?s={search_term_string}"},"query-input":{"@type":"PropertyValueSpecification","valueRequired":true,"valueName":"search_term_string"}}],"inLanguage":"en-US"},{"@type":"Organization","@id":"https:\/\/deutschkurs-online.de\/en\/#organization","name":"Lernst\u00fctzpunkt S\u00fcd GmbH","alternateName":"Deutschkurs-Online","url":"https:\/\/deutschkurs-online.de\/en\/","logo":{"@type":"ImageObject","inLanguage":"en-US","@id":"https:\/\/deutschkurs-online.de\/en\/#\/schema\/logo\/image\/","url":"https:\/\/deutschkurs-online.de\/wp-content\/uploads\/2025\/03\/Logo-Ls-Sued-test.webp","contentUrl":"https:\/\/deutschkurs-online.de\/wp-content\/uploads\/2025\/03\/Logo-Ls-Sued-test.webp","width":1782,"height":1130,"caption":"Lernst\u00fctzpunkt S\u00fcd GmbH"},"image":{"@id":"https:\/\/deutschkurs-online.de\/en\/#\/schema\/logo\/image\/"}}]}},"_links":{"self":[{"href":"https:\/\/deutschkurs-online.de\/en\/wp-json\/wp\/v2\/pages\/4677","targetHints":{"allow":["GET"]}}],"collection":[{"href":"https:\/\/deutschkurs-online.de\/en\/wp-json\/wp\/v2\/pages"}],"about":[{"href":"https:\/\/deutschkurs-online.de\/en\/wp-json\/wp\/v2\/types\/page"}],"author":[{"embeddable":true,"href":"https:\/\/deutschkurs-online.de\/en\/wp-json\/wp\/v2\/users\/1"}],"replies":[{"embeddable":true,"href":"https:\/\/deutschkurs-online.de\/en\/wp-json\/wp\/v2\/comments?post=4677"}],"version-history":[{"count":1,"href":"https:\/\/deutschkurs-online.de\/en\/wp-json\/wp\/v2\/pages\/4677\/revisions"}],"predecessor-version":[{"id":4678,"href":"https:\/\/deutschkurs-online.de\/en\/wp-json\/wp\/v2\/pages\/4677\/revisions\/4678"}],"wp:attachment":[{"href":"https:\/\/deutschkurs-online.de\/en\/wp-json\/wp\/v2\/media?parent=4677"}],"curies":[{"name":"wp","href":"https:\/\/api.w.org\/{rel}","templated":true}]}}