{"id":4591,"date":"2025-03-21T07:48:26","date_gmt":"2025-03-21T06:48:26","guid":{"rendered":"https:\/\/deutschkurs-online.de\/imprint\/"},"modified":"2025-06-26T10:44:48","modified_gmt":"2025-06-26T09:44:48","slug":"imprint","status":"publish","type":"page","link":"https:\/\/deutschkurs-online.de\/en\/imprint\/","title":{"rendered":"Imprint"},"content":{"rendered":"\t\t<div data-elementor-type=\"wp-page\" data-elementor-id=\"4591\" class=\"elementor elementor-4591 elementor-29\" data-elementor-post-type=\"page\">\n\t\t\t\t<div class=\"elementor-element elementor-element-9196cbe e-flex e-con-boxed e-con e-parent\" data-id=\"9196cbe\" data-element_type=\"container\" data-e-type=\"container\" data-settings=\"{&quot;jet_parallax_layout_list&quot;:[]}\">\n\t\t\t\t\t<div class=\"e-con-inner\">\n\t\t\t\t<div class=\"elementor-element elementor-element-e1d5318 elementor-widget elementor-widget-heading\" data-id=\"e1d5318\" data-element_type=\"widget\" data-e-type=\"widget\" data-widget_type=\"heading.default\">\n\t\t\t\t<div class=\"elementor-widget-container\">\n\t\t\t\t\t<h2 class=\"elementor-heading-title elementor-size-default\">Imprint<\/h2>\t\t\t\t<\/div>\n\t\t\t\t<\/div>\n\t\t\t\t<div class=\"elementor-element elementor-element-13f29d0 elementor-widget elementor-widget-text-editor\" data-id=\"13f29d0\" data-element_type=\"widget\" data-e-type=\"widget\" data-widget_type=\"text-editor.default\">\n\t\t\t\t<div class=\"elementor-widget-container\">\n\t\t\t\t\t\t\t\t\t<h4>Information according to \u00a7 5 TMG<\/h4><p><strong>Lernst\u00fctzpunkt S\u00fcd GmbH<\/strong><br>K\u00f6nigstra\u00dfe 10c<\/p><p>70173 Stuttgart<\/p><p>Managing Directors: Sebastian Stump &amp; Stephan Eder<\/p><p>www.deutschkurs-online.de is a product of Lernst\u00fctzpunkt S\u00fcd<\/p><p>E-mail: support@deutschkurs-online.de<\/p><p>Commercial register &#8211; HRB 782721<br>Place of jurisdiction is Stuttgart<\/p><p>VAT ID DE348945231<\/p><h4>Supervisory authority<\/h4><p>State Central Agency for Distance Learning (ZFU)<br>Peter-Welter-Platz 2<br>50676 Cologne<br><span style=\"text-decoration: underline;\"><a href=\"http:\/\/www.zfu.de\">http:\/\/www.zfu.de<\/a><\/span><\/p><h4>Liability for content<\/h4><p>As a service provider, we are responsible for our own content on these pages in accordance with Section 7 (1) TMG (German Telemedia Act) and<br>general laws. According to \u00a7\u00a7 8 to 10 TMG, however, we as a service provider are not<br>obliged to monitor transmitted or stored third-party information or to<br>investigate circumstances that indicate illegal activity.<br>obligations to remove or block the use of information in accordance with the general<br>laws remain unaffected by this. However, liability in this respect is only possible from the time<br>becomes aware of a specific infringement. If we become aware of any such legal infringements, we will remove the content in question immediately.    <\/p><h4>Liability for links<\/h4><p>Our website contains links to external third-party websites over whose content we have no influence.<br>We can therefore accept no liability for this third-party content. The respective provider or operator of the pages is always responsible for the content of the<br>linked pages. The linked<br>pages were checked for possible legal violations at the time of linking. Illegal contents<br>were not recognizable at the time of linking.<br>However, a permanent control of the contents of the linked pages is not reasonable without concrete evidence of a<br>infringement. If we become aware of any legal infringements, we will remove such links<br>immediately.    <\/p><h4>Copyright<\/h4><p>The content and works created by the site operators on these pages are subject to German<br>copyright law. Duplication, processing, distribution and any form of commercialization of such material beyond the scope of<br>copyright law shall require the prior written consent of its respective author or creator.<br>Downloads and copies of this site are permitted for private, non-commercial use only.<br>Insofar as the content on this site was not created by the operator, the copyrights of third parties<br>are respected. In particular, third-party content is identified as such. Should you nevertheless become aware of a<br>copyright infringement, please inform us accordingly. If<br>becomes aware of any legal infringements, we will remove such content immediately.    <\/p><h4>EU dispute resolution<\/h4><p>The European Commission provides a platform for online dispute resolution (ODR): <span style=\"text-decoration: underline;\"><a href=\"https:\/\/ec.europa.eu\/consumers\/odr\/main\/index.cfm?event=main.home.chooseLanguage\">https:\/\/ec.europa.eu\/consumers\/odr<\/a><\/span>.<br>You can find our e-mail address in the legal notice above.<\/p><p>Consumer dispute resolution\/universal arbitration board<\/p><p>We are not willing or obliged to participate in dispute resolution proceedings before a consumer arbitration board.<\/p>\t\t\t\t\t\t\t\t<\/div>\n\t\t\t\t<\/div>\n\t\t\t\t\t<\/div>\n\t\t\t\t<\/div>\n\t\t\t\t<\/div>\n\t\t","protected":false},"excerpt":{"rendered":"<p>Imprint Information according to \u00a7 5 TMG Lernst\u00fctzpunkt S\u00fcd GmbHK\u00f6nigstra\u00dfe 10c 70173 Stuttgart Managing Directors: Sebastian Stump &amp; Stephan Eder www.deutschkurs-online.de is a product of Lernst\u00fctzpunkt S\u00fcd E-mail: support@deutschkurs-online.de Commercial register &#8211; HRB 782721Place of jurisdiction is Stuttgart VAT ID DE348945231 Supervisory authority State Central Agency for Distance Learning (ZFU)Peter-Welter-Platz 250676 Colognehttp:\/\/www.zfu.de Liability for content [&hellip;]<\/p>\n","protected":false},"author":1,"featured_media":0,"parent":0,"menu_order":0,"comment_status":"closed","ping_status":"closed","template":"","meta":{"footnotes":""},"class_list":["post-4591","page","type-page","status-publish","hentry"],"yoast_head":"<!-- This site is optimized with the Yoast SEO plugin v27.6 - https:\/\/yoast.com\/product\/yoast-seo-wordpress\/ -->\n<title>Imprint - Deutschkurs-Online<\/title>\n<meta name=\"robots\" content=\"index, follow, max-snippet:-1, max-image-preview:large, max-video-preview:-1\" \/>\n<link rel=\"canonical\" href=\"https:\/\/deutschkurs-online.de\/en\/imprint\/\" \/>\n<meta property=\"og:locale\" content=\"en_US\" \/>\n<meta property=\"og:type\" content=\"article\" \/>\n<meta property=\"og:title\" content=\"Imprint - Deutschkurs-Online\" \/>\n<meta property=\"og:description\" content=\"Imprint Information according to \u00a7 5 TMG Lernst\u00fctzpunkt S\u00fcd GmbHK\u00f6nigstra\u00dfe 10c 70173 Stuttgart Managing Directors: Sebastian Stump &amp; Stephan Eder www.deutschkurs-online.de is a product of Lernst\u00fctzpunkt S\u00fcd E-mail: support@deutschkurs-online.de Commercial register &#8211; HRB 782721Place of jurisdiction is Stuttgart VAT ID DE348945231 Supervisory authority State Central Agency for Distance Learning (ZFU)Peter-Welter-Platz 250676 Colognehttp:\/\/www.zfu.de Liability for content [&hellip;]\" \/>\n<meta property=\"og:url\" content=\"https:\/\/deutschkurs-online.de\/en\/imprint\/\" \/>\n<meta property=\"og:site_name\" content=\"Deutschkurs-Online\" \/>\n<meta property=\"article:modified_time\" content=\"2025-06-26T09:44:48+00:00\" \/>\n<meta name=\"twitter:card\" content=\"summary_large_image\" \/>\n<meta name=\"twitter:label1\" content=\"Est. reading time\" \/>\n\t<meta name=\"twitter:data1\" content=\"2 minutes\" \/>\n<script type=\"application\/ld+json\" class=\"yoast-schema-graph\">{\"@context\":\"https:\\\/\\\/schema.org\",\"@graph\":[{\"@type\":\"WebPage\",\"@id\":\"https:\\\/\\\/deutschkurs-online.de\\\/en\\\/imprint\\\/\",\"url\":\"https:\\\/\\\/deutschkurs-online.de\\\/en\\\/imprint\\\/\",\"name\":\"Imprint - Deutschkurs-Online\",\"isPartOf\":{\"@id\":\"https:\\\/\\\/deutschkurs-online.de\\\/en\\\/#website\"},\"datePublished\":\"2025-03-21T06:48:26+00:00\",\"dateModified\":\"2025-06-26T09:44:48+00:00\",\"breadcrumb\":{\"@id\":\"https:\\\/\\\/deutschkurs-online.de\\\/en\\\/imprint\\\/#breadcrumb\"},\"inLanguage\":\"en-US\",\"potentialAction\":[{\"@type\":\"ReadAction\",\"target\":[\"https:\\\/\\\/deutschkurs-online.de\\\/en\\\/imprint\\\/\"]}]},{\"@type\":\"BreadcrumbList\",\"@id\":\"https:\\\/\\\/deutschkurs-online.de\\\/en\\\/imprint\\\/#breadcrumb\",\"itemListElement\":[{\"@type\":\"ListItem\",\"position\":1,\"name\":\"Startseite\",\"item\":\"https:\\\/\\\/deutschkurs-online.de\\\/en\\\/german-course-online\\\/\"},{\"@type\":\"ListItem\",\"position\":2,\"name\":\"Imprint\"}]},{\"@type\":\"WebSite\",\"@id\":\"https:\\\/\\\/deutschkurs-online.de\\\/en\\\/#website\",\"url\":\"https:\\\/\\\/deutschkurs-online.de\\\/en\\\/\",\"name\":\"Deutschkurs-Online\",\"description\":\"Einfach deutsch online lernen\",\"publisher\":{\"@id\":\"https:\\\/\\\/deutschkurs-online.de\\\/en\\\/#organization\"},\"alternateName\":\"Jetzt einfach deutsch lernen\",\"potentialAction\":[{\"@type\":\"SearchAction\",\"target\":{\"@type\":\"EntryPoint\",\"urlTemplate\":\"https:\\\/\\\/deutschkurs-online.de\\\/en\\\/?s={search_term_string}\"},\"query-input\":{\"@type\":\"PropertyValueSpecification\",\"valueRequired\":true,\"valueName\":\"search_term_string\"}}],\"inLanguage\":\"en-US\"},{\"@type\":\"Organization\",\"@id\":\"https:\\\/\\\/deutschkurs-online.de\\\/en\\\/#organization\",\"name\":\"Lernst\u00fctzpunkt S\u00fcd GmbH\",\"alternateName\":\"Deutschkurs-Online\",\"url\":\"https:\\\/\\\/deutschkurs-online.de\\\/en\\\/\",\"logo\":{\"@type\":\"ImageObject\",\"inLanguage\":\"en-US\",\"@id\":\"https:\\\/\\\/deutschkurs-online.de\\\/en\\\/#\\\/schema\\\/logo\\\/image\\\/\",\"url\":\"https:\\\/\\\/deutschkurs-online.de\\\/wp-content\\\/uploads\\\/2025\\\/03\\\/Logo-Ls-Sued-test.webp\",\"contentUrl\":\"https:\\\/\\\/deutschkurs-online.de\\\/wp-content\\\/uploads\\\/2025\\\/03\\\/Logo-Ls-Sued-test.webp\",\"width\":1782,\"height\":1130,\"caption\":\"Lernst\u00fctzpunkt S\u00fcd GmbH\"},\"image\":{\"@id\":\"https:\\\/\\\/deutschkurs-online.de\\\/en\\\/#\\\/schema\\\/logo\\\/image\\\/\"}}]}<\/script>\n<!-- \/ Yoast SEO plugin. -->","yoast_head_json":{"title":"Imprint - Deutschkurs-Online","robots":{"index":"index","follow":"follow","max-snippet":"max-snippet:-1","max-image-preview":"max-image-preview:large","max-video-preview":"max-video-preview:-1"},"canonical":"https:\/\/deutschkurs-online.de\/en\/imprint\/","og_locale":"en_US","og_type":"article","og_title":"Imprint - Deutschkurs-Online","og_description":"Imprint Information according to \u00a7 5 TMG Lernst\u00fctzpunkt S\u00fcd GmbHK\u00f6nigstra\u00dfe 10c 70173 Stuttgart Managing Directors: Sebastian Stump &amp; Stephan Eder www.deutschkurs-online.de is a product of Lernst\u00fctzpunkt S\u00fcd E-mail: support@deutschkurs-online.de Commercial register &#8211; HRB 782721Place of jurisdiction is Stuttgart VAT ID DE348945231 Supervisory authority State Central Agency for Distance Learning (ZFU)Peter-Welter-Platz 250676 Colognehttp:\/\/www.zfu.de Liability for content [&hellip;]","og_url":"https:\/\/deutschkurs-online.de\/en\/imprint\/","og_site_name":"Deutschkurs-Online","article_modified_time":"2025-06-26T09:44:48+00:00","twitter_card":"summary_large_image","twitter_misc":{"Est. reading time":"2 minutes"},"schema":{"@context":"https:\/\/schema.org","@graph":[{"@type":"WebPage","@id":"https:\/\/deutschkurs-online.de\/en\/imprint\/","url":"https:\/\/deutschkurs-online.de\/en\/imprint\/","name":"Imprint - Deutschkurs-Online","isPartOf":{"@id":"https:\/\/deutschkurs-online.de\/en\/#website"},"datePublished":"2025-03-21T06:48:26+00:00","dateModified":"2025-06-26T09:44:48+00:00","breadcrumb":{"@id":"https:\/\/deutschkurs-online.de\/en\/imprint\/#breadcrumb"},"inLanguage":"en-US","potentialAction":[{"@type":"ReadAction","target":["https:\/\/deutschkurs-online.de\/en\/imprint\/"]}]},{"@type":"BreadcrumbList","@id":"https:\/\/deutschkurs-online.de\/en\/imprint\/#breadcrumb","itemListElement":[{"@type":"ListItem","position":1,"name":"Startseite","item":"https:\/\/deutschkurs-online.de\/en\/german-course-online\/"},{"@type":"ListItem","position":2,"name":"Imprint"}]},{"@type":"WebSite","@id":"https:\/\/deutschkurs-online.de\/en\/#website","url":"https:\/\/deutschkurs-online.de\/en\/","name":"Deutschkurs-Online","description":"Einfach deutsch online lernen","publisher":{"@id":"https:\/\/deutschkurs-online.de\/en\/#organization"},"alternateName":"Jetzt einfach deutsch lernen","potentialAction":[{"@type":"SearchAction","target":{"@type":"EntryPoint","urlTemplate":"https:\/\/deutschkurs-online.de\/en\/?s={search_term_string}"},"query-input":{"@type":"PropertyValueSpecification","valueRequired":true,"valueName":"search_term_string"}}],"inLanguage":"en-US"},{"@type":"Organization","@id":"https:\/\/deutschkurs-online.de\/en\/#organization","name":"Lernst\u00fctzpunkt S\u00fcd GmbH","alternateName":"Deutschkurs-Online","url":"https:\/\/deutschkurs-online.de\/en\/","logo":{"@type":"ImageObject","inLanguage":"en-US","@id":"https:\/\/deutschkurs-online.de\/en\/#\/schema\/logo\/image\/","url":"https:\/\/deutschkurs-online.de\/wp-content\/uploads\/2025\/03\/Logo-Ls-Sued-test.webp","contentUrl":"https:\/\/deutschkurs-online.de\/wp-content\/uploads\/2025\/03\/Logo-Ls-Sued-test.webp","width":1782,"height":1130,"caption":"Lernst\u00fctzpunkt S\u00fcd GmbH"},"image":{"@id":"https:\/\/deutschkurs-online.de\/en\/#\/schema\/logo\/image\/"}}]}},"_links":{"self":[{"href":"https:\/\/deutschkurs-online.de\/en\/wp-json\/wp\/v2\/pages\/4591","targetHints":{"allow":["GET"]}}],"collection":[{"href":"https:\/\/deutschkurs-online.de\/en\/wp-json\/wp\/v2\/pages"}],"about":[{"href":"https:\/\/deutschkurs-online.de\/en\/wp-json\/wp\/v2\/types\/page"}],"author":[{"embeddable":true,"href":"https:\/\/deutschkurs-online.de\/en\/wp-json\/wp\/v2\/users\/1"}],"replies":[{"embeddable":true,"href":"https:\/\/deutschkurs-online.de\/en\/wp-json\/wp\/v2\/comments?post=4591"}],"version-history":[{"count":1,"href":"https:\/\/deutschkurs-online.de\/en\/wp-json\/wp\/v2\/pages\/4591\/revisions"}],"predecessor-version":[{"id":4592,"href":"https:\/\/deutschkurs-online.de\/en\/wp-json\/wp\/v2\/pages\/4591\/revisions\/4592"}],"wp:attachment":[{"href":"https:\/\/deutschkurs-online.de\/en\/wp-json\/wp\/v2\/media?parent=4591"}],"curies":[{"name":"wp","href":"https:\/\/api.w.org\/{rel}","templated":true}]}}